{"id":7,"date":"2019-07-03T12:53:03","date_gmt":"2019-07-03T12:53:03","guid":{"rendered":"https:\/\/themes.muffingroup.com\/be\/transport3\/?page_id=7"},"modified":"2020-10-23T19:24:13","modified_gmt":"2020-10-23T19:24:13","slug":"sirket-profili","status":"publish","type":"page","link":"http:\/\/www.uts-ist.com\/tr\/sirket-profili\/","title":{"rendered":"\u015e\u0130RKET PROF\u0130L\u0130"},"content":{"rendered":"","protected":false},"excerpt":{"rendered":"","protected":false},"author":1,"featured_media":125,"parent":0,"menu_order":0,"comment_status":"closed","ping_status":"closed","template":"","meta":[],"_links":{"self":[{"href":"http:\/\/www.uts-ist.com\/tr\/wp-json\/wp\/v2\/pages\/7"}],"collection":[{"href":"http:\/\/www.uts-ist.com\/tr\/wp-json\/wp\/v2\/pages"}],"about":[{"href":"http:\/\/www.uts-ist.com\/tr\/wp-json\/wp\/v2\/types\/page"}],"author":[{"embeddable":true,"href":"http:\/\/www.uts-ist.com\/tr\/wp-json\/wp\/v2\/users\/1"}],"replies":[{"embeddable":true,"href":"http:\/\/www.uts-ist.com\/tr\/wp-json\/wp\/v2\/comments?post=7"}],"version-history":[{"count":1,"href":"http:\/\/www.uts-ist.com\/tr\/wp-json\/wp\/v2\/pages\/7\/revisions"}],"predecessor-version":[{"id":83,"href":"http:\/\/www.uts-ist.com\/tr\/wp-json\/wp\/v2\/pages\/7\/revisions\/83"}],"wp:featuredmedia":[{"embeddable":true,"href":"http:\/\/www.uts-ist.com\/tr\/wp-json\/wp\/v2\/media\/125"}],"wp:attachment":[{"href":"http:\/\/www.uts-ist.com\/tr\/wp-json\/wp\/v2\/media?parent=7"}],"curies":[{"name":"wp","href":"https:\/\/api.w.org\/{rel}","templated":true}]}}