{"id":13,"date":"2019-07-03T12:54:13","date_gmt":"2019-07-03T12:54:13","guid":{"rendered":"https:\/\/themes.muffingroup.com\/be\/transport3\/?page_id=13"},"modified":"2020-10-23T19:12:01","modified_gmt":"2020-10-23T19:12:01","slug":"hizmetler","status":"publish","type":"page","link":"http:\/\/www.uts-ist.com\/tr\/hizmetler\/","title":{"rendered":"H\u0130ZMETLER\u0130M\u0130Z"},"content":{"rendered":"","protected":false},"excerpt":{"rendered":"","protected":false},"author":1,"featured_media":124,"parent":0,"menu_order":0,"comment_status":"closed","ping_status":"closed","template":"","meta":[],"_links":{"self":[{"href":"http:\/\/www.uts-ist.com\/tr\/wp-json\/wp\/v2\/pages\/13"}],"collection":[{"href":"http:\/\/www.uts-ist.com\/tr\/wp-json\/wp\/v2\/pages"}],"about":[{"href":"http:\/\/www.uts-ist.com\/tr\/wp-json\/wp\/v2\/types\/page"}],"author":[{"embeddable":true,"href":"http:\/\/www.uts-ist.com\/tr\/wp-json\/wp\/v2\/users\/1"}],"replies":[{"embeddable":true,"href":"http:\/\/www.uts-ist.com\/tr\/wp-json\/wp\/v2\/comments?post=13"}],"version-history":[{"count":2,"href":"http:\/\/www.uts-ist.com\/tr\/wp-json\/wp\/v2\/pages\/13\/revisions"}],"predecessor-version":[{"id":130,"href":"http:\/\/www.uts-ist.com\/tr\/wp-json\/wp\/v2\/pages\/13\/revisions\/130"}],"wp:featuredmedia":[{"embeddable":true,"href":"http:\/\/www.uts-ist.com\/tr\/wp-json\/wp\/v2\/media\/124"}],"wp:attachment":[{"href":"http:\/\/www.uts-ist.com\/tr\/wp-json\/wp\/v2\/media?parent=13"}],"curies":[{"name":"wp","href":"https:\/\/api.w.org\/{rel}","templated":true}]}}